{"id":86518,"date":"2023-11-26T18:46:08","date_gmt":"2023-11-26T18:46:08","guid":{"rendered":"https:\/\/brynq.com\/fr\/politique-de-confidentialite\/"},"modified":"2026-02-05T09:37:23","modified_gmt":"2026-02-05T09:37:23","slug":"politique-de-confidentialite","status":"publish","type":"page","link":"https:\/\/brynq.com\/fr\/politique-de-confidentialite\/","title":{"rendered":"Politique de confidentialit\u00e9"},"content":{"rendered":"\t\t<div data-elementor-type=\"wp-page\" data-elementor-id=\"86518\" class=\"elementor elementor-86518\" data-elementor-post-type=\"page\">\n\t\t\t\t<div class=\"elementor-element elementor-element-c94229a e-con-full e-flex e-con e-parent\" data-id=\"c94229a\" data-element_type=\"container\" data-e-type=\"container\" data-settings=\"{&quot;background_background&quot;:&quot;classic&quot;}\">\n\t\t<div class=\"elementor-element elementor-element-cf6d53b e-flex e-con-boxed e-con e-child\" data-id=\"cf6d53b\" data-element_type=\"container\" data-e-type=\"container\">\n\t\t\t\t\t<div class=\"e-con-inner\">\n\t\t\t\t<div class=\"elementor-element elementor-element-13942fe box_btn box_btn2 animated-fast elementor-invisible elementor-widget elementor-widget-button\" data-id=\"13942fe\" data-element_type=\"widget\" data-e-type=\"widget\" data-settings=\"{&quot;_animation&quot;:&quot;fadeInUp&quot;,&quot;_animation_delay&quot;:1}\" data-widget_type=\"button.default\">\n\t\t\t\t<div class=\"elementor-widget-container\">\n\t\t\t\t\t\t\t\t\t<div class=\"elementor-button-wrapper\">\n\t\t\t\t\t<a class=\"elementor-button elementor-button-link elementor-size-sm\" href=\"https:\/\/brynq.com\/fr\">\n\t\t\t\t\t\t<span class=\"elementor-button-content-wrapper\">\n\t\t\t\t\t\t<span class=\"elementor-button-icon\">\n\t\t\t\t<svg xmlns=\"http:\/\/www.w3.org\/2000\/svg\" width=\"24\" height=\"10\" viewBox=\"0 0 24 10\" fill=\"none\"><path d=\"M0.75 5H23.25\" stroke=\"#006AAD\" stroke-linecap=\"round\" stroke-linejoin=\"round\"><\/path><path d=\"M4.5 8.75L0.75 5L4.5 1.25\" stroke=\"#006AAD\" stroke-linecap=\"round\" stroke-linejoin=\"round\"><\/path><\/svg>\t\t\t<\/span>\n\t\t\t\t\t\t\t\t\t<span class=\"elementor-button-text\">ACCUEIL<\/span>\n\t\t\t\t\t<\/span>\n\t\t\t\t\t<\/a>\n\t\t\t\t<\/div>\n\t\t\t\t\t\t\t\t<\/div>\n\t\t\t\t<\/div>\n\t\t\t\t\t<\/div>\n\t\t\t\t<\/div>\n\t\t<div class=\"elementor-element elementor-element-61153bb e-flex e-con-boxed e-con e-child\" data-id=\"61153bb\" data-element_type=\"container\" data-e-type=\"container\" data-settings=\"{&quot;background_background&quot;:&quot;classic&quot;}\">\n\t\t\t\t\t<div class=\"e-con-inner\">\n\t\t\t\t<div class=\"elementor-element elementor-element-a792a9c animated-fast elementor-invisible elementor-widget elementor-widget-heading\" data-id=\"a792a9c\" data-element_type=\"widget\" data-e-type=\"widget\" data-settings=\"{&quot;_animation&quot;:&quot;fadeInUp&quot;,&quot;_animation_delay&quot;:50}\" data-widget_type=\"heading.default\">\n\t\t\t\t<div class=\"elementor-widget-container\">\n\t\t\t\t\t<h1 class=\"elementor-heading-title elementor-size-default\">Politique de confidentialit\u00e9<\/h1>\t\t\t\t<\/div>\n\t\t\t\t<\/div>\n\t\t\t\t<div class=\"elementor-element elementor-element-af9cab4 elementor-widget elementor-widget-spacer\" data-id=\"af9cab4\" data-element_type=\"widget\" data-e-type=\"widget\" data-widget_type=\"spacer.default\">\n\t\t\t\t<div class=\"elementor-widget-container\">\n\t\t\t\t\t\t\t<div class=\"elementor-spacer\">\n\t\t\t<div class=\"elementor-spacer-inner\"><\/div>\n\t\t<\/div>\n\t\t\t\t\t\t<\/div>\n\t\t\t\t<\/div>\n\t\t\t\t<div class=\"elementor-element elementor-element-e5ff984 elementor-widget__width-initial animated-fast elementor-invisible elementor-widget elementor-widget-text-editor\" data-id=\"e5ff984\" data-element_type=\"widget\" data-e-type=\"widget\" data-settings=\"{&quot;_animation&quot;:&quot;fadeInUp&quot;,&quot;_animation_delay&quot;:300}\" data-widget_type=\"text-editor.default\">\n\t\t\t\t<div class=\"elementor-widget-container\">\n\t\t\t\t\t\t\t\t\t<p>Nous prenons soin de vos donn\u00e9es. Consultez notre politique de confidentialit\u00e9 et notre d\u00e9claration sur les cookies ci-dessous. <\/p>\t\t\t\t\t\t\t\t<\/div>\n\t\t\t\t<\/div>\n\t\t\t\t<div class=\"elementor-element elementor-element-ad8b32f elementor-widget elementor-widget-spacer\" data-id=\"ad8b32f\" data-element_type=\"widget\" data-e-type=\"widget\" data-widget_type=\"spacer.default\">\n\t\t\t\t<div class=\"elementor-widget-container\">\n\t\t\t\t\t\t\t<div class=\"elementor-spacer\">\n\t\t\t<div class=\"elementor-spacer-inner\"><\/div>\n\t\t<\/div>\n\t\t\t\t\t\t<\/div>\n\t\t\t\t<\/div>\n\t\t\t\t\t<\/div>\n\t\t\t\t<\/div>\n\t\t\t\t<div class=\"elementor-element elementor-element-ef6e2e2 elementor-absolute elementor-widget elementor-widget-image\" data-id=\"ef6e2e2\" data-element_type=\"widget\" data-e-type=\"widget\" data-settings=\"{&quot;_position&quot;:&quot;absolute&quot;}\" data-widget_type=\"image.default\">\n\t\t\t\t<div class=\"elementor-widget-container\">\n\t\t\t\t\t\t\t\t\t\t\t\t\t\t\t<img fetchpriority=\"high\" decoding=\"async\" width=\"1600\" height=\"780\" src=\"https:\/\/brynq.com\/fr\/wp-content\/uploads\/sites\/3\/2026\/01\/banner_bg_resource.svg\" class=\"attachment-full size-full wp-image-86243\" alt=\"\" title=\"\">\t\t\t\t\t\t\t\t\t\t\t\t\t\t\t<\/div>\n\t\t\t\t<\/div>\n\t\t\t\t<\/div>\n\t\t<div class=\"elementor-element elementor-element-a11cbc0 e-flex e-con-boxed e-con e-parent\" data-id=\"a11cbc0\" data-element_type=\"container\" data-e-type=\"container\" data-settings=\"{&quot;background_background&quot;:&quot;classic&quot;}\">\n\t\t\t\t\t<div class=\"e-con-inner\">\n\t\t\t\t<div class=\"elementor-element elementor-element-915eb10 elementor-widget elementor-widget-text-editor\" data-id=\"915eb10\" data-element_type=\"widget\" data-e-type=\"widget\" data-widget_type=\"text-editor.default\">\n\t\t\t\t<div class=\"elementor-widget-container\">\n\t\t\t\t\t\t\t\t\t<h1>D\u00e9claration de confidentialit\u00e9<\/h1><p>Salure, ci-apr\u00e8s d\u00e9nomm\u00e9e \u00ab\u00a0nous\u00a0\u00bb, consid\u00e8re qu&rsquo;il est important que vos donn\u00e9es personnelles soient trait\u00e9es avec soin. Il est important que les lois et r\u00e8glements en vigueur soient respect\u00e9s. La d\u00e9claration de confidentialit\u00e9 d\u00e9crit donc la mani\u00e8re dont nous traitons vos donn\u00e9es personnelles, conform\u00e9ment aux lois et r\u00e9glementations en vigueur.  <\/p><h2>Applicabilit\u00e9<\/h2><p>Nous sommes un prestataire de services aux entreprises qui travaille dans diff\u00e9rents domaines. Vous pouvez consulter les services que nous offrons sur notre <a href=\"https:\/\/salure.nl\/\" target=\"_blank\" rel=\"noopener\">site web<\/a>. Cette d\u00e9claration de confidentialit\u00e9 ne s&rsquo;applique qu&rsquo;au traitement des donn\u00e9es de notre site web.  <\/p><h2>Coordonn\u00e9es Salure B.V.<\/h2><p>Gentseweg 17<br>2803 PC Gouda<br>Pays-Bas<br>T : 0182 543 643<br>E : <a href=\"mailto:info@salure.nl\">info@salure.nl<\/a><br>Num\u00e9ro COC : 24450943<\/p><h2>Cat\u00e9gories de donn\u00e9es \u00e0 caract\u00e8re personnel<\/h2><p>Lorsque vous visitez notre site web, nous traitons uniquement votre adresse IP. Si vous manifestez de l&rsquo;int\u00e9r\u00eat, par exemple en demandant notre bulletin d&rsquo;information ou en nous contactant, nous pouvons traiter les donn\u00e9es suivantes : <\/p><ul><li>Pr\u00e9nom<\/li><li>Nom de famille<\/li><li>Nom de l&rsquo;entreprise (facultatif)<\/li><li>Date<\/li><li>Message (facultatif)<\/li><li>Num\u00e9ro de t\u00e9l\u00e9phone<\/li><li>Adresse IP<\/li><li>Adresse \u00e9lectronique<\/li><li>Comportement des surfeurs<\/li><\/ul><h2>Finalit\u00e9s du traitement<\/h2><p>Pourquoi traitons-nous vos donn\u00e9es et sur quelle base ?<\/p><h3>Contact<\/h3><p>Lorsque vous nous contactez (par t\u00e9l\u00e9phone, e-mail, formulaire de contact ou m\u00e9dias sociaux), nous traitons vos donn\u00e9es. Cela est n\u00e9cessaire pour r\u00e9pondre \u00e0 votre message. C&rsquo;est dans votre int\u00e9r\u00eat et dans le n\u00f4tre.  <\/p><h3>Marketing<\/h3><h4>Bulletin d&rsquo;information<\/h4><p>Nous utilisons et traitons les donn\u00e9es que vous nous fournissez, telles que votre adresse \u00e9lectronique, pour vous informer, par le biais de la lettre d&rsquo;information, de tous les sujets susceptibles de vous int\u00e9resser. Le traitement de ces donn\u00e9es est n\u00e9cessaire pour que nous puissions r\u00e9pondre \u00e0 votre souhait de recevoir notre lettre d&rsquo;information. <\/p><p>Ceci s&rsquo;applique \u00e9galement aux donn\u00e9es que vous nous fournissez par le biais de services similaires et de m\u00e9thodes de contact et de communication. Si vous vous \u00eates abonn\u00e9 \u00e0 notre lettre d&rsquo;information, vous avez bien entendu la possibilit\u00e9 de vous d\u00e9sabonner. <\/p><h4>Cookies<\/h4><p>Nous pla\u00e7ons \u00e9galement des cookies sur notre site web \u00e0 des fins fonctionnelles, analytiques et marketing. Vous trouverez plus d&rsquo;informations sur ces cookies dans notre <a href=\"https:\/\/salure.nl\/en\/cookie-statement\" target=\"_blank\" rel=\"noopener\">politique en mati\u00e8re de cookies<\/a>. <\/p><h3>M\u00e9dias sociaux<\/h3><p>Notre site web comprend des boutons permettant de promouvoir ou de partager des pages web sur des r\u00e9seaux sociaux tels que Facebook, Twitter, LinkedIn et Google+. Vous pouvez consulter les d\u00e9clarations de confidentialit\u00e9 des m\u00e9dias sociaux susmentionn\u00e9s pour savoir ce qu&rsquo;ils font de vos donn\u00e9es (personnelles). <\/p><p> <\/p><h2>Transfert de donn\u00e9es \u00e0 caract\u00e8re personnel<\/h2><p>Nous n&rsquo;avons pas l&rsquo;intention de transf\u00e9rer vos donn\u00e9es personnelles \u00e0 un destinataire situ\u00e9 en dehors de l&rsquo;Espace \u00e9conomique europ\u00e9en (EEE). Nous utilisons toutefois Google mail et Salesforce, qui sont situ\u00e9s en dehors de l&rsquo;EEE. Nous utilisons ces syst\u00e8mes pour traiter vos donn\u00e9es. Bien que Google et Salesforce soient situ\u00e9s en dehors de l&rsquo;EEE, ils sont certifi\u00e9s conform\u00e9ment aux cadres du bouclier de protection de la vie priv\u00e9e UE-\u00c9tats-Unis.   <\/p><h2>P\u00e9riode de conservation<\/h2><p>Les donn\u00e9es \u00e0 caract\u00e8re personnel ne seront pas conserv\u00e9es plus longtemps que n\u00e9cessaire aux fins pour lesquelles elles sont trait\u00e9es ou aussi longtemps que la loi l&rsquo;exige.<\/p><p>Il existe des exceptions o\u00f9 les donn\u00e9es \u00e0 caract\u00e8re personnel doivent \u00eatre conserv\u00e9es : si, par exemple, vous indiquez que vous ne souhaitez plus recevoir de bulletins d&rsquo;information de notre part, nous serons oblig\u00e9s de conserver vos donn\u00e9es afin d&#8217;emp\u00eacher l&rsquo;envoi de bulletins d&rsquo;information \u00e0 votre adresse \u00e9lectronique. Bien entendu, dans ce cas, seules les donn\u00e9es n\u00e9cessaires \u00e0 cette fin seront conserv\u00e9es. <\/p><h2>D\u00e9l\u00e9gu\u00e9 \u00e0 la protection des donn\u00e9es (DPD)<\/h2><p>Nous avons \u00e9galement nomm\u00e9 un d\u00e9l\u00e9gu\u00e9 \u00e0 la protection des donn\u00e9es. Si vous avez d&rsquo;autres questions apr\u00e8s avoir lu cette d\u00e9claration de confidentialit\u00e9, veuillez envoyer un courriel \u00e0 notre DPD \u00e0 l&rsquo;adresse <a href=\"mailto:romijn@salure.nl\">romijn@salure.nl.<\/a> Il vous fournira une r\u00e9ponse appropri\u00e9e dans les plus brefs d\u00e9lais.  <\/p><h2>Droits des personnes concern\u00e9es<\/h2><p>En vertu de la loi actuelle sur la protection de la vie priv\u00e9e (GDPR), les personnes dont les donn\u00e9es personnelles sont trait\u00e9es ont les droits suivants :<\/p><p>Acc\u00e8s : le droit de consulter vos donn\u00e9es personnelles.<\/p><p>Rectification : le droit de corriger (ou de faire corriger) des donn\u00e9es \u00e0 caract\u00e8re personnel inexactes.<\/p><p>Effacement : le droit de supprimer (ou de faire supprimer) vos donn\u00e9es \u00e0 caract\u00e8re personnel dans certains cas.<\/p><p>Restriction : le droit de restreindre le traitement de vos donn\u00e9es personnelles.<\/p><p>Objection : le droit de s&rsquo;opposer au traitement de vos donn\u00e9es personnelles.<\/p><p>Portabilit\u00e9 des donn\u00e9es : le droit de transf\u00e9rer vos donn\u00e9es \u00e0 caract\u00e8re personnel \u00e0 un autre responsable du traitement dans certains cas.<\/p><p>Si vous souhaitez exercer ces droits, veuillez nous contacter.<\/p><p>En outre, vous avez le droit de d\u00e9poser une plainte aupr\u00e8s de l&rsquo;Autorit\u00e9 n\u00e9erlandaise de protection des donn\u00e9es. Vous pouvez le faire via <a href=\"https:\/\/autoriteitpersoonsgegevens.nl\/\" target=\"_blank\" rel=\"noopener\">https:\/\/autoriteitpersoonsgegevens.nl\/.<\/a> <\/p>\t\t\t\t\t\t\t\t<\/div>\n\t\t\t\t<\/div>\n\t\t\t\t<div class=\"elementor-element elementor-element-ff30f21 elementor-widget elementor-widget-text-editor\" data-id=\"ff30f21\" data-element_type=\"widget\" data-e-type=\"widget\" data-widget_type=\"text-editor.default\">\n\t\t\t\t<div class=\"elementor-widget-container\">\n\t\t\t\t\t\t\t\t\t<h2><strong><br>Cookies<\/strong><\/h2><p>Ce site web utilise des \u00ab\u00a0cookies\u00a0\u00bb. Il s&rsquo;agit de fichiers plac\u00e9s sur votre ordinateur. Nous utilisons ces cookies pour faire fonctionner le site web. Il existe \u00e9galement des cookies qui permettent d&rsquo;analyser le site web. Salure peut alors am\u00e9liorer le service et les cookies sont utilis\u00e9s \u00e0 des fins de marketing.    <\/p><p>Vous trouverez ci-dessous une description des cookies utilis\u00e9s par Salure.<\/p><h3><strong>Cookies n\u00e9cessaires<\/strong><\/h3><p>Les cookies sont n\u00e9cessaires si l&rsquo;utilisation du site web y est li\u00e9e. Si vous n&rsquo;acceptez pas ces cookies, le site web ne fonctionnera pas correctement et ne pourra pas \u00eatre utilis\u00e9 correctement. Les cookies n\u00e9cessaires peuvent \u00eatre divis\u00e9s en trois types : les cookies fonctionnels, les boutons de partage des m\u00e9dias sociaux et le contenu int\u00e9gr\u00e9.  <\/p><h4><strong>Cookies fonctionnels<\/strong><\/h4><p>Les cookies fonctionnels sont n\u00e9cessaires au fonctionnement du site web. Sans ces cookies, certaines parties du site web ne peuvent pas \u00eatre utilis\u00e9es. <\/p><h4><strong>Boutons de partage des m\u00e9dias sociaux<\/strong><\/h4><p>Le site peut inclure des boutons de partage permettant de partager des pages sur des plateformes de m\u00e9dias sociaux telles que Facebook, Twitter et LinkedIn. Ces boutons sont des \u00e9l\u00e9ments de code provenant de la plateforme de m\u00e9dias sociaux elle-m\u00eame et utilisent un cookie. Ce cookie se souvient que le visiteur est rest\u00e9 connect\u00e9, de sorte qu&rsquo;il ne doit pas se connecter \u00e0 nouveau sur Facebook, Twitter ou LinkedIn lorsqu&rsquo;il souhaite partager quelque chose.  <\/p><p>Pour savoir ce que les plateformes de m\u00e9dias sociaux font des donn\u00e9es personnelles qu&rsquo;elles re\u00e7oivent avec ce code, vous pouvez consulter les d\u00e9clarations de confidentialit\u00e9 correspondantes sur leurs sites web :<\/p><p>Facebook <a href=\"https:\/\/www.facebook.com\/policies\/cookies\/\" target=\"_blank\" rel=\"noopener\">:<\/a> https:\/\/www.facebook.com\/policies\/cookies\/<br>Twitter <a href=\"https:\/\/twitter.com\/privacy\" target=\"_blank\" rel=\"noopener\">:<\/a> https:\/\/twitter.com\/privacy\/<br>Linkedin <a href=\"https:\/\/www.linkedin.com\/legal\/cookie-table\" target=\"_blank\" rel=\"noopener\">: https:\/\/www.linkedin.com\/legal\/cookie-table\/<\/a><\/p><p>Ces d\u00e9clarations et ces liens sont susceptibles d&rsquo;\u00eatre modifi\u00e9s. Nous nous efforcerons de maintenir ces liens \u00e0 jour. <\/p><h4><strong>Contenu int\u00e9gr\u00e9<\/strong><\/h4><p>Des contenus h\u00e9berg\u00e9s sur d&rsquo;autres sites et accessibles via ce site peuvent \u00eatre utilis\u00e9s. Pensez aux vid\u00e9os de YouTube ou de Vimeo. Tout comme les boutons de partage sur les m\u00e9dias sociaux, ces codes utilisent souvent des cookies. Vous trouverez ce qu&rsquo;ils font des cookies et des donn\u00e9es personnelles dans la politique de confidentialit\u00e9 du service concern\u00e9. Nous n&rsquo;avons aucun contr\u00f4le sur ce point.    <\/p><h3><strong>Cookies analytiques<\/strong><\/h3><p>Les cookies analytiques, souvent anonymes, collectent des donn\u00e9es et des statistiques pour comprendre comment les visiteurs utilisent le site web afin que nous puissions l&rsquo;am\u00e9liorer ainsi que nos services.<\/p><h4><strong>Google Analytics<\/strong><\/h4><p>Ce site web utilise Google Analytics pour collecter des donn\u00e9es anonymes sur le comportement des visiteurs. Cela nous permet de voir comment les visiteurs naviguent sur le site. Nous utilisons ces informations pour prendre des d\u00e9cisions concernant la conception de notre site web. Nous utilisons \u00e9galement ces informations pour optimiser le fonctionnement du site web. Afin de permettre un traitement soigneux, nous avons pris les mesures suivantes.    <\/p><p>Salure :<\/p><ul><li>a conclu un accord de traitement avec Google ;<\/li><li>masque le dernier octet de l&rsquo;adresse IP, si vous avez indiqu\u00e9 que vous ne souhaitez pas que des cookies statistiques soient plac\u00e9s ;<\/li><li>a d\u00e9sactiv\u00e9 toutes les possibilit\u00e9s offertes par Google de \u00ab\u00a0partager des donn\u00e9es avec Google\u00a0\u00bb ;<\/li><li>n&rsquo;utilise pas d&rsquo;autres services de Google en combinaison avec les cookies de Google Analytics.<\/li><li><span data-teams=\"true\"><span class=\"ui-provider a b c d e f g h i j k l m n o p q r s t u v w x y z ab ac ae af ag ah ai aj ak\" dir=\"ltr\">n&rsquo;utilise pas les API de Google Workspace pour d\u00e9velopper, am\u00e9liorer ou former des mod\u00e8les g\u00e9n\u00e9ralis\u00e9s d&rsquo;IA et\/ou de ML<\/span><\/span><\/li><\/ul><p>Si vous ne souhaitez pas que votre comportement de visiteur soit suivi, vous pouvez t\u00e9l\u00e9charger un plugin Google qui emp\u00eache cela et qui est disponible pour Microsoft Internet Explorer 11, Google Chrome, Mozilla Firefox, Apple Safari et Opera. Ce param\u00e8tre s&rsquo;applique alors \u00e0 tous les sites web que vous visitez, et pas seulement \u00e0 ce site web. <a href=\"https:\/\/tools.google.com\/dlpage\/gaoptout?hl=nl\" target=\"_blank\" rel=\"noopener\">https:\/\/tools.google.com\/dlpage\/gaoptout?hl=nl<\/a> <\/p><h4><strong>Cookies analytiques sur le site web de Salure<\/strong><\/h4><table width=\"1120\"><thead><tr><td><p><strong>Nom<\/strong><\/p><\/td><td><p><strong>Plac\u00e9 par<\/strong><\/p><\/td><td><p><strong>Expire apr\u00e8s<\/strong><\/p><\/td><td><p><strong>Objectif<\/strong><\/p><\/td><\/tr><\/thead><tbody><tr><td><p>_ga<\/p><\/td><td><p>Google Analytics<\/p><\/td><td><p>2 ans<\/p><\/td><td><p>Enregistre un identifiant unique qui est utilis\u00e9 pour g\u00e9n\u00e9rer des statistiques sur la fa\u00e7on dont le visiteur utilise le site web.<\/p><\/td><\/tr><tr><td><p>_gid<\/p><\/td><td><p>Google Analytics<\/p><\/td><td><p>Session de cl\u00f4ture<\/p><\/td><td><p>Enregistre un identifiant unique qui est utilis\u00e9 pour g\u00e9n\u00e9rer des statistiques sur la fa\u00e7on dont le visiteur utilise le site.<\/p><\/td><\/tr><tr><td><p>_gat<\/p><\/td><td><p>Google Analytics<\/p><\/td><td><p>Session de cl\u00f4ture<\/p><\/td><td width=\"407\"><p>  Utilis\u00e9 par Google Analytics pour ralentir la vitesse des requ\u00eates.<\/p><\/td><\/tr><\/tbody><\/table><h3><strong> <\/strong><\/h3><h3><strong>Cookies de suivi<\/strong><\/h3><p>Les cookies de suivi sont utilis\u00e9s pour suivre les visiteurs de mani\u00e8re \u00e0 ce que, par exemple, les publicit\u00e9s affich\u00e9es soient plus pertinentes pour chaque visiteur. Ces publicit\u00e9s deviennent ainsi plus int\u00e9ressantes \u00e0 la fois pour le visiteur et pour l&rsquo;annonceur. <\/p><h4><strong>Cookies de suivi sur les sites web de Salure<\/strong><\/h4><table width=\"1120\"><thead><tr><td><p><strong>Nom<\/strong><\/p><\/td><td><p><strong>Plac\u00e9 par<\/strong><\/p><\/td><td><p><strong>Expire apr\u00e8s<\/strong><\/p><\/td><td><p><strong>Objectif<\/strong><\/p><\/td><\/tr><\/thead><tbody><tr><td><p>NID<\/p><\/td><td><p>Google Analytics<\/p><\/td><td><p>6 mois<\/p><\/td><td><p>Enregistre un identifiant unique qui permet d&rsquo;identifier l&rsquo;appareil d&rsquo;un utilisateur qui revient. Cet identifiant est utilis\u00e9 pour les publicit\u00e9s cibl\u00e9es. <\/p><\/td><\/tr><tr><td><p>annonces\/ga-audiences<\/p><\/td><td><p>Google Analytics<\/p><\/td><td><p>Session de cl\u00f4ture<\/p><\/td><td><p>Utilis\u00e9 par Google AdWords pour r\u00e9engager les visiteurs qui peuvent se convertir en clients sur la base du comportement en ligne du visiteur sur diff\u00e9rents sites web.<\/p><\/td><\/tr><tr><td><p>collecter<\/p><\/td><td><p>Google Analytics<\/p><\/td><td><p>Session de cl\u00f4ture<\/p><\/td><td><p>Utilis\u00e9 pour envoyer des donn\u00e9es \u00e0 Google Analytics sur l&rsquo;appareil et le comportement du visiteur. Permet de suivre le visiteur sur diff\u00e9rents appareils et canaux de marketing. <\/p><\/td><\/tr><tr><td><p>_hjIncludedInSample<\/p><\/td><td><p>Hotjar<\/p><\/td><td><p>Session de cl\u00f4ture<\/p><\/td><td><p>Utilis\u00e9 par Hotjar pour fournir une analyse qualitative du comportement des visiteurs.<\/p><\/td><\/tr><\/tbody><\/table><p><strong> <\/strong><\/p><h3><strong>Suppression des cookies<\/strong><\/h3><p>Vous pouvez supprimer les cookies via les param\u00e8tres de votre navigateur. Vous pouvez \u00e9galement y refuser l&rsquo;installation de nouveaux cookies. <\/p><p>L&#8217;emplacement exact de cette fonctionnalit\u00e9 varie selon les navigateurs.<\/p>\t\t\t\t\t\t\t\t<\/div>\n\t\t\t\t<\/div>\n\t\t\t\t\t<\/div>\n\t\t\t\t<\/div>\n\t\t<div class=\"elementor-element elementor-element-4bee98e e-flex e-con-boxed e-con e-parent\" data-id=\"4bee98e\" data-element_type=\"container\" data-e-type=\"container\">\n\t\t\t\t\t<div class=\"e-con-inner\">\n\t\t\t\t\t<\/div>\n\t\t\t\t<\/div>\n\t\t\t\t<\/div>\n\t\t","protected":false},"excerpt":{"rendered":"<p>ACCUEIL Politique de confidentialit\u00e9 Nous prenons soin de vos donn\u00e9es. Consultez notre politique de confidentialit\u00e9 et notre d\u00e9claration sur les cookies ci-dessous. D\u00e9claration de confidentialit\u00e9 Salure, ci-apr\u00e8s d\u00e9nomm\u00e9e \u00ab\u00a0nous\u00a0\u00bb, consid\u00e8re qu&rsquo;il est important que vos donn\u00e9es personnelles soient trait\u00e9es avec soin. Il est important que les lois et r\u00e8glements en vigueur soient respect\u00e9s. La d\u00e9claration [&hellip;]<\/p>\n","protected":false},"author":1,"featured_media":86243,"parent":0,"menu_order":0,"comment_status":"closed","ping_status":"open","template":"","meta":{"_acf_changed":false,"content-type":"","inline_featured_image":false,"footnotes":""},"class_list":["post-86518","page","type-page","status-publish","has-post-thumbnail","hentry"],"acf":[],"_links":{"self":[{"href":"https:\/\/brynq.com\/fr\/wp-json\/wp\/v2\/pages\/86518","targetHints":{"allow":["GET"]}}],"collection":[{"href":"https:\/\/brynq.com\/fr\/wp-json\/wp\/v2\/pages"}],"about":[{"href":"https:\/\/brynq.com\/fr\/wp-json\/wp\/v2\/types\/page"}],"author":[{"embeddable":true,"href":"https:\/\/brynq.com\/fr\/wp-json\/wp\/v2\/users\/1"}],"replies":[{"embeddable":true,"href":"https:\/\/brynq.com\/fr\/wp-json\/wp\/v2\/comments?post=86518"}],"version-history":[{"count":7,"href":"https:\/\/brynq.com\/fr\/wp-json\/wp\/v2\/pages\/86518\/revisions"}],"predecessor-version":[{"id":89356,"href":"https:\/\/brynq.com\/fr\/wp-json\/wp\/v2\/pages\/86518\/revisions\/89356"}],"wp:featuredmedia":[{"embeddable":true,"href":"https:\/\/brynq.com\/fr\/wp-json\/wp\/v2\/media\/86243"}],"wp:attachment":[{"href":"https:\/\/brynq.com\/fr\/wp-json\/wp\/v2\/media?parent=86518"}],"curies":[{"name":"wp","href":"https:\/\/api.w.org\/{rel}","templated":true}]}}