{"id":86388,"date":"2024-01-06T06:01:11","date_gmt":"2024-01-06T06:01:11","guid":{"rendered":"https:\/\/brynq.com\/fr\/conditions-generales-dutilisation\/"},"modified":"2026-02-05T09:29:11","modified_gmt":"2026-02-05T09:29:11","slug":"conditions-generales-dutilisation","status":"publish","type":"page","link":"https:\/\/brynq.com\/fr\/conditions-generales-dutilisation\/","title":{"rendered":"Conditions g\u00e9n\u00e9rales d&rsquo;utilisation"},"content":{"rendered":"\t\t<div data-elementor-type=\"wp-page\" data-elementor-id=\"86388\" class=\"elementor elementor-86388\" data-elementor-post-type=\"page\">\n\t\t\t\t<div class=\"elementor-element elementor-element-12ee0c9 e-con-full e-flex e-con e-parent\" data-id=\"12ee0c9\" data-element_type=\"container\" data-e-type=\"container\" data-settings=\"{&quot;background_background&quot;:&quot;classic&quot;}\">\n\t\t<div class=\"elementor-element elementor-element-3830a5f e-flex e-con-boxed e-con e-child\" data-id=\"3830a5f\" data-element_type=\"container\" data-e-type=\"container\">\n\t\t\t\t\t<div class=\"e-con-inner\">\n\t\t\t\t<div class=\"elementor-element elementor-element-0cca7d1 box_btn box_btn2 animated-fast elementor-invisible elementor-widget elementor-widget-button\" data-id=\"0cca7d1\" data-element_type=\"widget\" data-e-type=\"widget\" data-settings=\"{&quot;_animation&quot;:&quot;fadeInUp&quot;,&quot;_animation_delay&quot;:1}\" data-widget_type=\"button.default\">\n\t\t\t\t<div class=\"elementor-widget-container\">\n\t\t\t\t\t\t\t\t\t<div class=\"elementor-button-wrapper\">\n\t\t\t\t\t<a class=\"elementor-button elementor-button-link elementor-size-sm\" href=\"https:\/\/brynq.com\/fr\">\n\t\t\t\t\t\t<span class=\"elementor-button-content-wrapper\">\n\t\t\t\t\t\t<span class=\"elementor-button-icon\">\n\t\t\t\t<svg xmlns=\"http:\/\/www.w3.org\/2000\/svg\" width=\"24\" height=\"10\" viewBox=\"0 0 24 10\" fill=\"none\"><path d=\"M0.75 5H23.25\" stroke=\"#006AAD\" stroke-linecap=\"round\" stroke-linejoin=\"round\"><\/path><path d=\"M4.5 8.75L0.75 5L4.5 1.25\" stroke=\"#006AAD\" stroke-linecap=\"round\" stroke-linejoin=\"round\"><\/path><\/svg>\t\t\t<\/span>\n\t\t\t\t\t\t\t\t\t<span class=\"elementor-button-text\">ACCUEIL<\/span>\n\t\t\t\t\t<\/span>\n\t\t\t\t\t<\/a>\n\t\t\t\t<\/div>\n\t\t\t\t\t\t\t\t<\/div>\n\t\t\t\t<\/div>\n\t\t\t\t\t<\/div>\n\t\t\t\t<\/div>\n\t\t<div class=\"elementor-element elementor-element-22027d2 e-flex e-con-boxed e-con e-child\" data-id=\"22027d2\" data-element_type=\"container\" data-e-type=\"container\" data-settings=\"{&quot;background_background&quot;:&quot;classic&quot;}\">\n\t\t\t\t\t<div class=\"e-con-inner\">\n\t\t\t\t<div class=\"elementor-element elementor-element-a91806e animated-fast elementor-invisible elementor-widget elementor-widget-heading\" data-id=\"a91806e\" data-element_type=\"widget\" data-e-type=\"widget\" data-settings=\"{&quot;_animation&quot;:&quot;fadeInUp&quot;,&quot;_animation_delay&quot;:50}\" data-widget_type=\"heading.default\">\n\t\t\t\t<div class=\"elementor-widget-container\">\n\t\t\t\t\t<h1 class=\"elementor-heading-title elementor-size-default\">Conditions g\u00e9n\u00e9rales d'utilisation<\/h1>\t\t\t\t<\/div>\n\t\t\t\t<\/div>\n\t\t\t\t<div class=\"elementor-element elementor-element-82befff elementor-widget elementor-widget-spacer\" data-id=\"82befff\" data-element_type=\"widget\" data-e-type=\"widget\" data-widget_type=\"spacer.default\">\n\t\t\t\t<div class=\"elementor-widget-container\">\n\t\t\t\t\t\t\t<div class=\"elementor-spacer\">\n\t\t\t<div class=\"elementor-spacer-inner\"><\/div>\n\t\t<\/div>\n\t\t\t\t\t\t<\/div>\n\t\t\t\t<\/div>\n\t\t\t\t<div class=\"elementor-element elementor-element-07335ba elementor-widget elementor-widget-spacer\" data-id=\"07335ba\" data-element_type=\"widget\" data-e-type=\"widget\" data-widget_type=\"spacer.default\">\n\t\t\t\t<div class=\"elementor-widget-container\">\n\t\t\t\t\t\t\t<div class=\"elementor-spacer\">\n\t\t\t<div class=\"elementor-spacer-inner\"><\/div>\n\t\t<\/div>\n\t\t\t\t\t\t<\/div>\n\t\t\t\t<\/div>\n\t\t\t\t<div class=\"elementor-element elementor-element-52d90ba elementor-widget__width-initial animated-fast elementor-invisible elementor-widget elementor-widget-text-editor\" data-id=\"52d90ba\" data-element_type=\"widget\" data-e-type=\"widget\" data-settings=\"{&quot;_animation&quot;:&quot;fadeInUp&quot;,&quot;_animation_delay&quot;:300}\" data-widget_type=\"text-editor.default\">\n\t\t\t\t<div class=\"elementor-widget-container\">\n\t\t\t\t\t\t\t\t\t<p>Consultez les conditions g\u00e9n\u00e9rales d&rsquo;utilisation des services cloud BrynQ et des produits logiciels de Salure.<\/p>\t\t\t\t\t\t\t\t<\/div>\n\t\t\t\t<\/div>\n\t\t\t\t\t<\/div>\n\t\t\t\t<\/div>\n\t\t\t\t<div class=\"elementor-element elementor-element-1f7f59e elementor-absolute elementor-widget elementor-widget-image\" data-id=\"1f7f59e\" data-element_type=\"widget\" data-e-type=\"widget\" data-settings=\"{&quot;_position&quot;:&quot;absolute&quot;}\" data-widget_type=\"image.default\">\n\t\t\t\t<div class=\"elementor-widget-container\">\n\t\t\t\t\t\t\t\t\t\t\t\t\t\t\t<img fetchpriority=\"high\" decoding=\"async\" width=\"1600\" height=\"780\" src=\"https:\/\/brynq.com\/fr\/wp-content\/uploads\/sites\/3\/2026\/01\/banner_bg_resource.svg\" class=\"attachment-full size-full wp-image-86243\" alt=\"\" title=\"\">\t\t\t\t\t\t\t\t\t\t\t\t\t\t\t<\/div>\n\t\t\t\t<\/div>\n\t\t\t\t<\/div>\n\t\t<div class=\"elementor-element elementor-element-d4c87d6 e-flex e-con-boxed e-con e-parent\" data-id=\"d4c87d6\" data-element_type=\"container\" data-e-type=\"container\" data-settings=\"{&quot;background_background&quot;:&quot;classic&quot;}\">\n\t\t\t\t\t<div class=\"e-con-inner\">\n\t\t\t\t<div class=\"elementor-element elementor-element-fb585e9 elementor-widget elementor-widget-text-editor\" data-id=\"fb585e9\" data-element_type=\"widget\" data-e-type=\"widget\" data-widget_type=\"text-editor.default\">\n\t\t\t\t<div class=\"elementor-widget-container\">\n\t\t\t\t\t\t\t\t\t<p><\/p>\n<h2><strong>Voir les conditions g\u00e9n\u00e9rales de Salure<\/strong><\/h2>\n<p><strong>BrynQ est une marque de Salure et, par cons\u00e9quent, les conditions g\u00e9n\u00e9rales de Salure s&rsquo;appliquent \u00e0 la licence BrynQ.&nbsp;<\/strong><\/p>\n<p><strong>Acc\u00e9dez aux conditions contractuelles en cliquant sur le lien ci-dessous.<\/strong><\/p>\n<p><\/p>\t\t\t\t\t\t\t\t<\/div>\n\t\t\t\t<\/div>\n\t\t\t\t<div class=\"elementor-element elementor-element-199845f btn_bynque elementor-widget elementor-widget-button\" data-id=\"199845f\" data-element_type=\"widget\" data-e-type=\"widget\" data-widget_type=\"button.default\">\n\t\t\t\t<div class=\"elementor-widget-container\">\n\t\t\t\t\t\t\t\t\t<div class=\"elementor-button-wrapper\">\n\t\t\t\t\t<a class=\"elementor-button elementor-button-link elementor-size-sm\" href=\"https:\/\/salure.nl\/wp-content\/uploads\/2024\/11\/Terms-Conditions-Salure-1.pdf\" target=\"_blank\" rel=\"noopener\">\n\t\t\t\t\t\t<span class=\"elementor-button-content-wrapper\">\n\t\t\t\t\t\t<span class=\"elementor-button-icon\">\n\t\t\t\t<svg xmlns=\"http:\/\/www.w3.org\/2000\/svg\" width=\"24\" height=\"10\" viewBox=\"0 0 24 10\" fill=\"none\"><g clip-path=\"url(#clip0_1_18612)\"><path d=\"M23.25 5H0.75\" stroke=\"#006AAD\" stroke-linecap=\"round\" stroke-linejoin=\"round\"><\/path><path d=\"M19.5 8.75L23.25 5L19.5 1.25\" stroke=\"#006AAD\" stroke-linecap=\"round\" stroke-linejoin=\"round\"><\/path><\/g><defs><clipPath id=\"clip0_1_18612\"><rect width=\"24\" height=\"9\" fill=\"white\" transform=\"translate(0 0.5)\"><\/rect><\/clipPath><\/defs><\/svg>\t\t\t<\/span>\n\t\t\t\t\t\t\t\t\t<span class=\"elementor-button-text\">Conditions g\u00e9n\u00e9rales d'utilisation<\/span>\n\t\t\t\t\t<\/span>\n\t\t\t\t\t<\/a>\n\t\t\t\t<\/div>\n\t\t\t\t\t\t\t\t<\/div>\n\t\t\t\t<\/div>\n\t\t\t\t<div class=\"elementor-element elementor-element-bd3bbec btn_bynque elementor-widget elementor-widget-button\" data-id=\"bd3bbec\" data-element_type=\"widget\" data-e-type=\"widget\" data-widget_type=\"button.default\">\n\t\t\t\t<div class=\"elementor-widget-container\">\n\t\t\t\t\t\t\t\t\t<div class=\"elementor-button-wrapper\">\n\t\t\t\t\t<a class=\"elementor-button elementor-button-link elementor-size-sm\" href=\"https:\/\/brynq.com\/wp-content\/uploads\/2024\/04\/Service-Level-Agreement-BrynQ-ENG.pdf\">\n\t\t\t\t\t\t<span class=\"elementor-button-content-wrapper\">\n\t\t\t\t\t\t<span class=\"elementor-button-icon\">\n\t\t\t\t<svg xmlns=\"http:\/\/www.w3.org\/2000\/svg\" width=\"24\" height=\"10\" viewBox=\"0 0 24 10\" fill=\"none\"><g clip-path=\"url(#clip0_1_18612)\"><path d=\"M23.25 5H0.75\" stroke=\"#006AAD\" stroke-linecap=\"round\" stroke-linejoin=\"round\"><\/path><path d=\"M19.5 8.75L23.25 5L19.5 1.25\" stroke=\"#006AAD\" stroke-linecap=\"round\" stroke-linejoin=\"round\"><\/path><\/g><defs><clipPath id=\"clip0_1_18612\"><rect width=\"24\" height=\"9\" fill=\"white\" transform=\"translate(0 0.5)\"><\/rect><\/clipPath><\/defs><\/svg>\t\t\t<\/span>\n\t\t\t\t\t\t\t\t\t<span class=\"elementor-button-text\">Accord de niveau de service<\/span>\n\t\t\t\t\t<\/span>\n\t\t\t\t\t<\/a>\n\t\t\t\t<\/div>\n\t\t\t\t\t\t\t\t<\/div>\n\t\t\t\t<\/div>\n\t\t\t\t\t<\/div>\n\t\t\t\t<\/div>\n\t\t<div class=\"elementor-element elementor-element-205deca animated-fast e-flex e-con-boxed elementor-invisible e-con e-child\" data-id=\"205deca\" data-element_type=\"container\" data-e-type=\"container\" data-settings=\"{&quot;animation&quot;:&quot;fadeInUp&quot;,&quot;animation_delay&quot;:600}\">\n\t\t\t\t\t<div class=\"e-con-inner\">\n\t\t\t\t\t<\/div>\n\t\t\t\t<\/div>\n\t\t\t\t<\/div>\n\t\t","protected":false},"excerpt":{"rendered":"<p>ACCUEIL Conditions g\u00e9n\u00e9rales d&rsquo;utilisation Consultez les conditions g\u00e9n\u00e9rales d&rsquo;utilisation des services cloud BrynQ et des produits logiciels de Salure. Voir les conditions g\u00e9n\u00e9rales de Salure BrynQ est une marque de Salure et, par cons\u00e9quent, les conditions g\u00e9n\u00e9rales de Salure s&rsquo;appliquent \u00e0 la licence BrynQ.&nbsp; Acc\u00e9dez aux conditions contractuelles en cliquant sur le lien ci-dessous. Conditions [&hellip;]<\/p>\n","protected":false},"author":1,"featured_media":86243,"parent":0,"menu_order":0,"comment_status":"closed","ping_status":"open","template":"","meta":{"_acf_changed":false,"content-type":"","inline_featured_image":false,"footnotes":""},"class_list":["post-86388","page","type-page","status-publish","has-post-thumbnail","hentry"],"acf":[],"_links":{"self":[{"href":"https:\/\/brynq.com\/fr\/wp-json\/wp\/v2\/pages\/86388","targetHints":{"allow":["GET"]}}],"collection":[{"href":"https:\/\/brynq.com\/fr\/wp-json\/wp\/v2\/pages"}],"about":[{"href":"https:\/\/brynq.com\/fr\/wp-json\/wp\/v2\/types\/page"}],"author":[{"embeddable":true,"href":"https:\/\/brynq.com\/fr\/wp-json\/wp\/v2\/users\/1"}],"replies":[{"embeddable":true,"href":"https:\/\/brynq.com\/fr\/wp-json\/wp\/v2\/comments?post=86388"}],"version-history":[{"count":11,"href":"https:\/\/brynq.com\/fr\/wp-json\/wp\/v2\/pages\/86388\/revisions"}],"predecessor-version":[{"id":89587,"href":"https:\/\/brynq.com\/fr\/wp-json\/wp\/v2\/pages\/86388\/revisions\/89587"}],"wp:featuredmedia":[{"embeddable":true,"href":"https:\/\/brynq.com\/fr\/wp-json\/wp\/v2\/media\/86243"}],"wp:attachment":[{"href":"https:\/\/brynq.com\/fr\/wp-json\/wp\/v2\/media?parent=86388"}],"curies":[{"name":"wp","href":"https:\/\/api.w.org\/{rel}","templated":true}]}}