{"id":86526,"date":"2023-11-26T18:46:08","date_gmt":"2023-11-26T18:46:08","guid":{"rendered":"https:\/\/brynq.com\/de\/datenschutzbestimmungen\/"},"modified":"2026-02-10T13:42:18","modified_gmt":"2026-02-10T13:42:18","slug":"datenschutzbestimmungen","status":"publish","type":"page","link":"https:\/\/brynq.com\/de\/datenschutzbestimmungen\/","title":{"rendered":"Datenschutzbestimmungen"},"content":{"rendered":"\t\t<div data-elementor-type=\"wp-page\" data-elementor-id=\"86526\" class=\"elementor elementor-86526\" data-elementor-post-type=\"page\">\n\t\t\t\t<div class=\"elementor-element elementor-element-76a14c7 e-con-full e-flex e-con e-parent\" data-id=\"76a14c7\" data-element_type=\"container\" data-e-type=\"container\" data-settings=\"{&quot;background_background&quot;:&quot;classic&quot;}\">\n\t\t<div class=\"elementor-element elementor-element-847572f e-flex e-con-boxed e-con e-child\" data-id=\"847572f\" data-element_type=\"container\" data-e-type=\"container\">\n\t\t\t\t\t<div class=\"e-con-inner\">\n\t\t\t\t<div class=\"elementor-element elementor-element-3c03bf5 box_btn box_btn2 animated-fast elementor-invisible elementor-widget elementor-widget-button\" data-id=\"3c03bf5\" data-element_type=\"widget\" data-e-type=\"widget\" data-settings=\"{&quot;_animation&quot;:&quot;fadeInUp&quot;,&quot;_animation_delay&quot;:1}\" data-widget_type=\"button.default\">\n\t\t\t\t<div class=\"elementor-widget-container\">\n\t\t\t\t\t\t\t\t\t<div class=\"elementor-button-wrapper\">\n\t\t\t\t\t<a class=\"elementor-button elementor-button-link elementor-size-sm\" href=\"https:\/\/brynq.com\/de\">\n\t\t\t\t\t\t<span class=\"elementor-button-content-wrapper\">\n\t\t\t\t\t\t<span class=\"elementor-button-icon\">\n\t\t\t\t<svg xmlns=\"http:\/\/www.w3.org\/2000\/svg\" width=\"24\" height=\"10\" viewBox=\"0 0 24 10\" fill=\"none\"><path d=\"M0.75 5H23.25\" stroke=\"#006AAD\" stroke-linecap=\"round\" stroke-linejoin=\"round\"><\/path><path d=\"M4.5 8.75L0.75 5L4.5 1.25\" stroke=\"#006AAD\" stroke-linecap=\"round\" stroke-linejoin=\"round\"><\/path><\/svg>\t\t\t<\/span>\n\t\t\t\t\t\t\t\t\t<span class=\"elementor-button-text\">HOME<\/span>\n\t\t\t\t\t<\/span>\n\t\t\t\t\t<\/a>\n\t\t\t\t<\/div>\n\t\t\t\t\t\t\t\t<\/div>\n\t\t\t\t<\/div>\n\t\t\t\t\t<\/div>\n\t\t\t\t<\/div>\n\t\t<div class=\"elementor-element elementor-element-a378e41 e-flex e-con-boxed e-con e-child\" data-id=\"a378e41\" data-element_type=\"container\" data-e-type=\"container\" data-settings=\"{&quot;background_background&quot;:&quot;classic&quot;}\">\n\t\t\t\t\t<div class=\"e-con-inner\">\n\t\t\t\t<div class=\"elementor-element elementor-element-94ed56a animated-fast elementor-invisible elementor-widget elementor-widget-heading\" data-id=\"94ed56a\" data-element_type=\"widget\" data-e-type=\"widget\" data-settings=\"{&quot;_animation&quot;:&quot;fadeInUp&quot;,&quot;_animation_delay&quot;:50}\" data-widget_type=\"heading.default\">\n\t\t\t\t<div class=\"elementor-widget-container\">\n\t\t\t\t\t<h1 class=\"elementor-heading-title elementor-size-default\">Datenschutzbestimmungen<\/h1>\t\t\t\t<\/div>\n\t\t\t\t<\/div>\n\t\t\t\t<div class=\"elementor-element elementor-element-fe61102 elementor-widget elementor-widget-spacer\" data-id=\"fe61102\" data-element_type=\"widget\" data-e-type=\"widget\" data-widget_type=\"spacer.default\">\n\t\t\t\t<div class=\"elementor-widget-container\">\n\t\t\t\t\t\t\t<div class=\"elementor-spacer\">\n\t\t\t<div class=\"elementor-spacer-inner\"><\/div>\n\t\t<\/div>\n\t\t\t\t\t\t<\/div>\n\t\t\t\t<\/div>\n\t\t\t\t<div class=\"elementor-element elementor-element-0d791cb elementor-widget__width-initial animated-fast elementor-invisible elementor-widget elementor-widget-text-editor\" data-id=\"0d791cb\" data-element_type=\"widget\" data-e-type=\"widget\" data-settings=\"{&quot;_animation&quot;:&quot;fadeInUp&quot;,&quot;_animation_delay&quot;:300}\" data-widget_type=\"text-editor.default\">\n\t\t\t\t<div class=\"elementor-widget-container\">\n\t\t\t\t\t\t\t\t\t<p>Wir k\u00fcmmern uns um Ihre Daten. Sehen Sie sich unten unsere Datenschutzrichtlinie und unsere Cookie-Erkl\u00e4rung an. <\/p>\t\t\t\t\t\t\t\t<\/div>\n\t\t\t\t<\/div>\n\t\t\t\t<div class=\"elementor-element elementor-element-9a2f38f elementor-widget elementor-widget-spacer\" data-id=\"9a2f38f\" data-element_type=\"widget\" data-e-type=\"widget\" data-widget_type=\"spacer.default\">\n\t\t\t\t<div class=\"elementor-widget-container\">\n\t\t\t\t\t\t\t<div class=\"elementor-spacer\">\n\t\t\t<div class=\"elementor-spacer-inner\"><\/div>\n\t\t<\/div>\n\t\t\t\t\t\t<\/div>\n\t\t\t\t<\/div>\n\t\t\t\t\t<\/div>\n\t\t\t\t<\/div>\n\t\t\t\t<div class=\"elementor-element elementor-element-1f54b4b elementor-absolute elementor-widget elementor-widget-image\" data-id=\"1f54b4b\" data-element_type=\"widget\" data-e-type=\"widget\" data-settings=\"{&quot;_position&quot;:&quot;absolute&quot;}\" data-widget_type=\"image.default\">\n\t\t\t\t<div class=\"elementor-widget-container\">\n\t\t\t\t\t\t\t\t\t\t\t\t\t\t\t<img fetchpriority=\"high\" decoding=\"async\" width=\"1600\" height=\"780\" src=\"https:\/\/brynq.com\/de\/wp-content\/uploads\/sites\/4\/2023\/12\/banner_bg_resource.svg\" class=\"attachment-full size-full wp-image-71472\" alt=\"\" title=\"\">\t\t\t\t\t\t\t\t\t\t\t\t\t\t\t<\/div>\n\t\t\t\t<\/div>\n\t\t\t\t<\/div>\n\t\t<div class=\"elementor-element elementor-element-e90fce4 e-flex e-con-boxed e-con e-parent\" data-id=\"e90fce4\" data-element_type=\"container\" data-e-type=\"container\" data-settings=\"{&quot;background_background&quot;:&quot;classic&quot;}\">\n\t\t\t\t\t<div class=\"e-con-inner\">\n\t\t\t\t<div class=\"elementor-element elementor-element-f88083b elementor-widget elementor-widget-text-editor\" data-id=\"f88083b\" data-element_type=\"widget\" data-e-type=\"widget\" data-widget_type=\"text-editor.default\">\n\t\t\t\t<div class=\"elementor-widget-container\">\n\t\t\t\t\t\t\t\t\t<h1>Erkl\u00e4rung zum Datenschutz<\/h1><p>Salure, im Folgenden als &#8222;wir&#8220; bezeichnet, h\u00e4lt es f\u00fcr wichtig, dass Ihre pers\u00f6nlichen Daten mit Sorgfalt behandelt werden. Es ist wichtig, dass die geltenden Gesetze und Vorschriften eingehalten werden. Die Datenschutzerkl\u00e4rung beschreibt daher, wie wir &#8211; in \u00dcbereinstimmung mit den geltenden Gesetzen und Vorschriften &#8211; mit Ihren personenbezogenen Daten umgehen.  <\/p><h2>Anwendbarkeit<\/h2><p>Wir sind ein Unternehmensdienstleister, der in verschiedenen Bereichen t\u00e4tig ist. Welche Dienstleistungen wir anbieten, k\u00f6nnen Sie auf unserer <a href=\"https:\/\/salure.nl\/\" target=\"_blank\" rel=\"noopener\">Website<\/a> nachlesen. Diese Datenschutzerkl\u00e4rung gilt nur f\u00fcr die Verarbeitung f\u00fcr unsere Website.  <\/p><h2>Kontaktinformationen Salure B.V.<\/h2><p>Gentseweg 17<br>2803 PC Gouda<br>Die Niederlande<br>T: 0182 543 643<br>E: <a href=\"mailto:info@salure.nl\">info@salure.nl<\/a><br>COC-Nummer: 24450943<\/p><h2>Kategorien von pers\u00f6nlichen Daten<\/h2><p>Wenn Sie unsere Website besuchen, verarbeiten wir nur Ihre IP-Adresse. Wenn Sie Interesse bekunden, z.B. indem Sie unseren Newsletter anfordern oder mit uns Kontakt aufnehmen, k\u00f6nnen wir die folgenden Daten verarbeiten: <\/p><ul><li>Vorname<\/li><li>Nachname<\/li><li>Firmenname (optional)<\/li><li>Datum<\/li><li>Nachricht (optional)<\/li><li>Rufnummer<\/li><li>IP-Adresse<\/li><li>E-Mail Adresse<\/li><li>Verhalten beim Surfen<\/li><\/ul><h2>Zwecke der Verarbeitung<\/h2><p>Warum verarbeiten wir Ihre Daten und auf welcher Grundlage?<\/p><h3>Kontakt<\/h3><p>Wenn Sie mit uns Kontakt aufnehmen (per Telefon, E-Mail, Kontaktformular oder \u00fcber soziale Medien), verarbeiten wir Ihre Daten. Dies ist notwendig, um auf Ihre Nachricht an uns zu antworten. Dies liegt in Ihrem und unserem Interesse.  <\/p><h3>Marketing<\/h3><h4>Newsletter<\/h4><p>Wir nutzen und verarbeiten die Daten, die Sie uns zur Verf\u00fcgung stellen, wie z.B. Ihre E-Mail-Adresse, um Sie \u00fcber alle Angelegenheiten zu informieren, die unserer Meinung nach f\u00fcr Sie von Interesse sein k\u00f6nnten, und zwar \u00fcber den Newsletter. Die Verarbeitung dieser Daten ist notwendig, damit wir Ihrem Wunsch, unseren Newsletter zu erhalten, nachkommen k\u00f6nnen. <\/p><p>Dies gilt auch f\u00fcr die Daten, die Sie uns \u00fcber \u00e4hnliche Dienste und Kontakt- und Kommunikationsmethoden zur Verf\u00fcgung stellen. Wenn Sie unseren Newsletter abonniert haben, haben Sie nat\u00fcrlich die M\u00f6glichkeit, ihn abzubestellen. <\/p><h4>Cookies<\/h4><p>Wir setzen auf unserer Website auch Cookies f\u00fcr funktionale, analytische und Marketingzwecke ein. Weitere Informationen \u00fcber diese Cookies finden Sie in unserer <a href=\"https:\/\/salure.nl\/en\/cookie-statement\" target=\"_blank\" rel=\"noopener\">Cookie-Richtlinie<\/a>. <\/p><h3>Soziale Medien<\/h3><p>Unsere Website enth\u00e4lt Schaltfl\u00e4chen zum Bewerben oder Teilen von Webseiten in sozialen Netzwerken wie Facebook, Twitter, LinkedIn und Google+. Sie k\u00f6nnen in den Datenschutzerkl\u00e4rungen der oben genannten sozialen Medien nachlesen, was diese mit Ihren (pers\u00f6nlichen) Daten machen. <\/p><p> <\/p><h2>\u00dcbermittlung personenbezogener Daten<\/h2><p>Wir beabsichtigen nicht, Ihre pers\u00f6nlichen Daten an einen Empf\u00e4nger au\u00dferhalb des Europ\u00e4ischen Wirtschaftsraums (EWR) zu \u00fcbermitteln. Wir verwenden jedoch Google Mail und Salesforce, die sich au\u00dferhalb des EWR befinden. Wir verwenden diese Systeme, um Ihre Daten zu verarbeiten. Obwohl Google und Salesforce ihren Sitz au\u00dferhalb des EWR haben, sind sie gem\u00e4\u00df dem EU-US Privacy Shield zertifiziert.   <\/p><h2>Aufbewahrungsfrist<\/h2><p>Personenbezogene Daten werden nicht l\u00e4nger aufbewahrt, als es f\u00fcr den Zweck, f\u00fcr den sie verarbeitet werden, erforderlich ist, oder so lange, wie es gesetzlich vorgeschrieben ist.<\/p><p>Es gibt Ausnahmen, in denen personenbezogene Daten aufbewahrt werden m\u00fcssen: Wenn Sie zum Beispiel angeben, dass Sie keine Newsletter mehr von uns erhalten m\u00f6chten, sind wir verpflichtet, Ihre Daten zu speichern, um zu verhindern, dass Newsletter an Ihre E-Mail-Adresse gesendet werden. In diesem Fall werden nat\u00fcrlich nur die Daten gespeichert, die daf\u00fcr notwendig sind. <\/p><h2>Datenschutzbeauftragter (DSB)<\/h2><p>Wir haben auch einen Datenschutzbeauftragten ernannt. Wenn Sie nach dem Lesen dieser Datenschutzerkl\u00e4rung noch Fragen haben, wenden Sie sich bitte per E-Mail an unseren Datenschutzbeauftragten unter <a href=\"mailto:romijn@salure.nl\">romijn@salure.nl.<\/a> Er wird Ihnen so schnell wie m\u00f6glich eine passende Antwort geben.  <\/p><h2>Rechte der betroffenen Personen<\/h2><p>Nach dem geltenden Datenschutzgesetz (GDPR) haben Personen, deren personenbezogene Daten verarbeitet werden, die folgenden Rechte:<\/p><p>Zugang: das Recht, Ihre pers\u00f6nlichen Daten einzusehen.<\/p><p>Berichtigung: das Recht, unzutreffende personenbezogene Daten zu korrigieren (oder korrigieren zu lassen).<\/p><p>L\u00f6schung: das Recht, Ihre pers\u00f6nlichen Daten in bestimmten F\u00e4llen zu l\u00f6schen (oder l\u00f6schen zu lassen).<\/p><p>Einschr\u00e4nkung: das Recht, die Verarbeitung Ihrer pers\u00f6nlichen Daten einzuschr\u00e4nken.<\/p><p>Widerspruch: das Recht, der Verarbeitung Ihrer pers\u00f6nlichen Daten zu widersprechen.<\/p><p>Daten\u00fcbertragbarkeit: das Recht, Ihre pers\u00f6nlichen Daten in bestimmten F\u00e4llen an einen anderen Verantwortlichen zu \u00fcbertragen.<\/p><p>Wenn Sie diese Rechte aus\u00fcben m\u00f6chten, kontaktieren Sie uns bitte.<\/p><p>Dar\u00fcber hinaus haben Sie das Recht, eine Beschwerde bei der niederl\u00e4ndischen Datenschutzbeh\u00f6rde einzureichen. Dies k\u00f6nnen Sie \u00fcber <a href=\"https:\/\/autoriteitpersoonsgegevens.nl\/\" target=\"_blank\" rel=\"noopener\">https:\/\/autoriteitpersoonsgegevens.nl\/ tun .<\/a> <\/p>\t\t\t\t\t\t\t\t<\/div>\n\t\t\t\t<\/div>\n\t\t\t\t<div class=\"elementor-element elementor-element-9accc10 elementor-widget elementor-widget-text-editor\" data-id=\"9accc10\" data-element_type=\"widget\" data-e-type=\"widget\" data-widget_type=\"text-editor.default\">\n\t\t\t\t<div class=\"elementor-widget-container\">\n\t\t\t\t\t\t\t\t\t<h2><strong><br>Cookies<\/strong><\/h2><p>Diese Website verwendet &#8222;Cookies&#8220;. Das sind Dateien, die auf Ihrem Computer gespeichert werden. Wir verwenden diese Cookies, damit die Website funktioniert. Es gibt auch Cookies, die helfen, die Website zu analysieren. Salure kann dann den Service verbessern und Cookies werden f\u00fcr Marketingzwecke verwendet.    <\/p><p>Nachfolgend finden Sie eine Beschreibung der Cookies, die Salure verwendet.<\/p><h3><strong>Erforderliche Cookies<\/strong><\/h3><p>Cookies sind notwendig, wenn die Nutzung der Website mit ihr zusammenh\u00e4ngt. Ohne diese Cookies zu akzeptieren, wird die Website nicht richtig funktionieren und kann nicht richtig genutzt werden. Notwendige Cookies k\u00f6nnen in drei Arten unterteilt werden: funktionale Cookies, Schaltfl\u00e4chen zum Teilen von sozialen Medien und eingebettete Inhalte.  <\/p><h4><strong>Funktionale Cookies<\/strong><\/h4><p>Funktionale Cookies sind f\u00fcr das Funktionieren der Website erforderlich. Ohne diese Cookies k\u00f6nnen bestimmte Teile der Website nicht genutzt werden. <\/p><h4><strong>Schaltfl\u00e4chen f\u00fcr soziale Medien<\/strong><\/h4><p>Die Website kann Schaltfl\u00e4chen zum Teilen von Seiten auf sozialen Medienplattformen wie Facebook, Twitter und LinkedIn enthalten. Bei diesen Schaltfl\u00e4chen handelt es sich um einen Code, der von der Plattform f\u00fcr soziale Medien selbst stammt und ein Cookie verwendet. Dieses Cookie merkt sich, dass ein Besucher eingeloggt bleibt, so dass er sich nicht erneut bei Facebook, Twitter oder LinkedIn anmelden muss, wenn er etwas teilen m\u00f6chte.  <\/p><p>Um zu erfahren, was die sozialen Medienplattformen mit den pers\u00f6nlichen Daten tun, die sie mit diesem Code erhalten, k\u00f6nnen Sie die entsprechenden Datenschutzerkl\u00e4rungen auf deren Websites einsehen:<\/p><p>Facebook: <a href=\"https:\/\/www.facebook.com\/policies\/cookies\/\" target=\"_blank\" rel=\"noopener\">https:\/\/www.facebook.com\/policies\/cookies\/<\/a><br>Twitter: <a href=\"https:\/\/twitter.com\/privacy\" target=\"_blank\" rel=\"noopener\">https:\/\/twitter.com\/privacy\/<\/a><br>Linkedin: <a href=\"https:\/\/www.linkedin.com\/legal\/cookie-table\" target=\"_blank\" rel=\"noopener\">https:\/\/www.linkedin.com\/legal\/cookie-table\/<\/a><\/p><p>Diese Aussagen und Links k\u00f6nnen sich \u00e4ndern. Wir werden unser Bestes tun, um diese Links auf dem neuesten Stand zu halten. <\/p><h4><strong>Eingebetteter Inhalt<\/strong><\/h4><p>Sie k\u00f6nnen Inhalte verwenden, die auf anderen Websites gehostet werden und \u00fcber diese Website zug\u00e4nglich sind. Denken Sie an YouTube- oder Vimeo-Videos. \u00c4hnlich wie die Schaltfl\u00e4chen zum Teilen in den sozialen Medien verwenden diese Codes oft Cookies. Was sie mit Cookies und pers\u00f6nlichen Daten machen, erfahren Sie in den Datenschutzbestimmungen des jeweiligen Dienstes. Wir haben keine Kontrolle dar\u00fcber.    <\/p><h3><strong>Analytische Cookies<\/strong><\/h3><p>Analytische Cookies, die oft anonym sind, sammeln Daten und Statistiken, um zu verstehen, wie Besucher die Website nutzen, damit wir die Website und unsere Dienste verbessern k\u00f6nnen.<\/p><h4><strong>Google Analytics<\/strong><\/h4><p>Diese Website verwendet Google Analytics, um anonymisierte Daten \u00fcber das Besucherverhalten zu sammeln. So k\u00f6nnen wir sehen, wie Besucher durch die Website navigieren. Wir verwenden diese Informationen, um Entscheidungen \u00fcber das Design unserer Website zu treffen. Au\u00dferdem verwenden wir diese Informationen, um die Funktionsweise der Website zu optimieren. Um eine sorgf\u00e4ltige Verarbeitung zu erm\u00f6glichen, haben wir die folgenden Ma\u00dfnahmen ergriffen.    <\/p><p>Salure:<\/p><ul><li>hat eine Verarbeitungsvereinbarung mit Google abgeschlossen;<\/li><li>maskiert das letzte Oktett der IP-Adresse, wenn Sie angegeben haben, dass Sie nicht m\u00f6chten, dass statistische Cookies gesetzt werden;<\/li><li>hat alle von Google angebotenen M\u00f6glichkeiten zum &#8218;Datenaustausch mit Google&#8216; deaktiviert;<\/li><li>verwendet keine anderen Google-Dienste in Kombination mit den Google Analytics-Cookies.<\/li><li><span data-teams=\"true\"><span class=\"ui-provider a b c d e f g h i j k l m n o p q r s t u v w x y z ab ac ae af ag ah ai aj ak\" dir=\"ltr\">die Google Workspace APIs nicht verwendet, um verallgemeinerte KI- und\/oder ML-Modelle zu entwickeln, zu verbessern oder zu trainieren<\/span><\/span><\/li><\/ul><p>Wenn Sie nicht m\u00f6chten, dass Ihr Besuchsverhalten nachverfolgt wird, k\u00f6nnen Sie ein Google-Plugin herunterladen, das dies verhindert. Es ist f\u00fcr Microsoft Internet Explorer 11, Google Chrome, Mozilla Firefox, Apple Safari und Opera verf\u00fcgbar. Diese Einstellung gilt dann f\u00fcr alle Websites, die Sie besuchen, nicht nur f\u00fcr diese Website. <a href=\"https:\/\/tools.google.com\/dlpage\/gaoptout?hl=nl\" target=\"_blank\" rel=\"noopener\">https:\/\/tools.google.com\/dlpage\/gaoptout?hl=nl<\/a> <\/p><h4><strong>Analytische Cookies auf der Website von Salure<\/strong><\/h4><table width=\"1120\"><thead><tr><td><p><strong>Name<\/strong><\/p><\/td><td><p><strong>Platziert von<\/strong><\/p><\/td><td><p><strong>L\u00e4uft ab nach<\/strong><\/p><\/td><td><p><strong>Zweck<\/strong><\/p><\/td><\/tr><\/thead><tbody><tr><td><p>_ga<\/p><\/td><td><p>Google Analytics<\/p><\/td><td><p>2 Jahre<\/p><\/td><td><p>Zeichnet eine eindeutige ID auf, die verwendet wird, um Statistiken dar\u00fcber zu erstellen, wie der Besucher die Website nutzt.<\/p><\/td><\/tr><tr><td><p>_gid<\/p><\/td><td><p>Google Analytics<\/p><\/td><td><p>Sitzung beenden<\/p><\/td><td><p>Zeichnet eine eindeutige ID auf, die verwendet wird, um Statistiken dar\u00fcber zu erstellen, wie der Besucher die Website nutzt.<\/p><\/td><\/tr><tr><td><p>_gat<\/p><\/td><td><p>Google Analytics<\/p><\/td><td><p>Sitzung beenden<\/p><\/td><td width=\"407\"><p>  Wird von Google Analytics verwendet, um die Anfragegeschwindigkeit zu verlangsamen.<\/p><\/td><\/tr><\/tbody><\/table><h3><strong> <\/strong><\/h3><h3><strong>Verfolgungs-Cookies<\/strong><\/h3><p>Tracking-Cookies werden verwendet, um Besucher zu verfolgen, so dass z.B. die angezeigte Werbung f\u00fcr den einzelnen Besucher relevanter sein kann. Diese Anzeigen werden dadurch sowohl f\u00fcr den Besucher als auch f\u00fcr den Werbetreibenden wertvoller. <\/p><h4><strong>Tracking-Cookies auf den Websites von Salure<\/strong><\/h4><table width=\"1120\"><thead><tr><td><p><strong>Name<\/strong><\/p><\/td><td><p><strong>Platziert von<\/strong><\/p><\/td><td><p><strong>L\u00e4uft ab nach<\/strong><\/p><\/td><td><p><strong>Zweck<\/strong><\/p><\/td><\/tr><\/thead><tbody><tr><td><p>NID<\/p><\/td><td><p>Google Analytics<\/p><\/td><td><p>6 Monate<\/p><\/td><td><p>Zeichnet eine eindeutige ID auf, die das Ger\u00e4t eines wiederkehrenden Benutzers identifiziert. Die ID wird f\u00fcr gezielte Werbung verwendet. <\/p><\/td><\/tr><tr><td><p>ads\/ga-audiences<\/p><\/td><td><p>Google Analytics<\/p><\/td><td><p>Sitzung beenden<\/p><\/td><td><p>Wird von Google AdWords verwendet, um Besucher wieder anzusprechen, die auf der Grundlage des Online-Verhaltens des Besuchers auf verschiedenen Websites zu Kunden werden k\u00f6nnen.<\/p><\/td><\/tr><tr><td><p>sammeln<\/p><\/td><td><p>Google Analytics<\/p><\/td><td><p>Sitzung beenden<\/p><\/td><td><p>Wird verwendet, um Daten \u00fcber das Ger\u00e4t und das Verhalten des Besuchers an Google Analytics zu senden. Verfolgt den Besucher auf verschiedenen Ger\u00e4ten und Marketingkan\u00e4len. <\/p><\/td><\/tr><tr><td><p>_hjIncludedInSample<\/p><\/td><td><p>Hotjar<\/p><\/td><td><p>Sitzung beenden<\/p><\/td><td><p>Wird von Hotjar verwendet, um qualitative Analysen des Besucherverhaltens zu erstellen.<\/p><\/td><\/tr><\/tbody><\/table><p><strong> <\/strong><\/p><h3><strong>L\u00f6schen von Cookies<\/strong><\/h3><p>Sie k\u00f6nnen Cookies \u00fcber die Einstellungen Ihres Browsers l\u00f6schen. Dort k\u00f6nnen Sie auch die Platzierung neuer Cookies ablehnen. <\/p><p>Die genaue Position dieser Funktion ist von Browser zu Browser unterschiedlich.<\/p>\t\t\t\t\t\t\t\t<\/div>\n\t\t\t\t<\/div>\n\t\t\t\t\t<\/div>\n\t\t\t\t<\/div>\n\t\t<div class=\"elementor-element elementor-element-c69d1f9 e-flex e-con-boxed e-con e-parent\" data-id=\"c69d1f9\" data-element_type=\"container\" data-e-type=\"container\">\n\t\t\t\t\t<div class=\"e-con-inner\">\n\t\t\t\t\t<\/div>\n\t\t\t\t<\/div>\n\t\t\t\t<\/div>\n\t\t","protected":false},"excerpt":{"rendered":"<p>HOME Datenschutzbestimmungen Wir k\u00fcmmern uns um Ihre Daten. Sehen Sie sich unten unsere Datenschutzrichtlinie und unsere Cookie-Erkl\u00e4rung an. Erkl\u00e4rung zum Datenschutz Salure, im Folgenden als &#8222;wir&#8220; bezeichnet, h\u00e4lt es f\u00fcr wichtig, dass Ihre pers\u00f6nlichen Daten mit Sorgfalt behandelt werden. Es ist wichtig, dass die geltenden Gesetze und Vorschriften eingehalten werden. Die Datenschutzerkl\u00e4rung beschreibt daher, wie [&hellip;]<\/p>\n","protected":false},"author":1,"featured_media":86299,"parent":0,"menu_order":0,"comment_status":"closed","ping_status":"open","template":"","meta":{"_acf_changed":false,"content-type":"","inline_featured_image":false,"footnotes":""},"class_list":["post-86526","page","type-page","status-publish","has-post-thumbnail","hentry"],"acf":[],"_links":{"self":[{"href":"https:\/\/brynq.com\/de\/wp-json\/wp\/v2\/pages\/86526","targetHints":{"allow":["GET"]}}],"collection":[{"href":"https:\/\/brynq.com\/de\/wp-json\/wp\/v2\/pages"}],"about":[{"href":"https:\/\/brynq.com\/de\/wp-json\/wp\/v2\/types\/page"}],"author":[{"embeddable":true,"href":"https:\/\/brynq.com\/de\/wp-json\/wp\/v2\/users\/1"}],"replies":[{"embeddable":true,"href":"https:\/\/brynq.com\/de\/wp-json\/wp\/v2\/comments?post=86526"}],"version-history":[{"count":8,"href":"https:\/\/brynq.com\/de\/wp-json\/wp\/v2\/pages\/86526\/revisions"}],"predecessor-version":[{"id":88124,"href":"https:\/\/brynq.com\/de\/wp-json\/wp\/v2\/pages\/86526\/revisions\/88124"}],"wp:featuredmedia":[{"embeddable":true,"href":"https:\/\/brynq.com\/de\/wp-json\/wp\/v2\/media\/86299"}],"wp:attachment":[{"href":"https:\/\/brynq.com\/de\/wp-json\/wp\/v2\/media?parent=86526"}],"curies":[{"name":"wp","href":"https:\/\/api.w.org\/{rel}","templated":true}]}}